{"id":2,"date":"2012-10-08T19:04:20","date_gmt":"2012-10-08T19:04:20","guid":{"rendered":"http:\/\/www.varpula.org\/wordpress\/?page_id=2"},"modified":"2013-02-25T00:31:59","modified_gmt":"2013-02-24T22:31:59","slug":"esimerkkisivu","status":"publish","type":"page","link":"https:\/\/www.varpula.org\/?page_id=2","title":{"rendered":"Mik\u00e4 VarpulaOrg?"},"content":{"rendered":"<p>VarpulaOrg-sivustoa pidet\u00e4\u00e4n omaksi ja yst\u00e4vien iloksi. Suuri osa sivuston materiaalista on tarkoitettu ainoastaan rekister\u00f6ityneille k\u00e4ytt\u00e4jille, eik\u00e4 k\u00e4ytt\u00e4j\u00e4ksi p\u00e4\u00e4se kuin kutsusta. Jos sinulla on k\u00e4ytt\u00e4j\u00e4tunukset sivulle, kiinnostavin osuus l\u00f6ytyy todenn\u00e4k\u00f6isesti media galleriasta.<\/p>\n","protected":false},"excerpt":{"rendered":"<p>VarpulaOrg-sivustoa pidet\u00e4\u00e4n omaksi ja yst\u00e4vien iloksi. Suuri osa sivuston materiaalista on tarkoitettu ainoastaan rekister\u00f6ityneille k\u00e4ytt\u00e4jille, eik\u00e4 k\u00e4ytt\u00e4j\u00e4ksi p\u00e4\u00e4se kuin kutsusta. Jos sinulla on k\u00e4ytt\u00e4j\u00e4tunukset sivulle, kiinnostavin osuus l\u00f6ytyy todenn\u00e4k\u00f6isesti media galleriasta.<\/p>\n","protected":false},"author":1,"featured_media":0,"parent":0,"menu_order":0,"comment_status":"open","ping_status":"open","template":"","meta":{"footnotes":""},"class_list":["post-2","page","type-page","status-publish","hentry"],"_links":{"self":[{"href":"https:\/\/www.varpula.org\/index.php?rest_route=\/wp\/v2\/pages\/2","targetHints":{"allow":["GET"]}}],"collection":[{"href":"https:\/\/www.varpula.org\/index.php?rest_route=\/wp\/v2\/pages"}],"about":[{"href":"https:\/\/www.varpula.org\/index.php?rest_route=\/wp\/v2\/types\/page"}],"author":[{"embeddable":true,"href":"https:\/\/www.varpula.org\/index.php?rest_route=\/wp\/v2\/users\/1"}],"replies":[{"embeddable":true,"href":"https:\/\/www.varpula.org\/index.php?rest_route=%2Fwp%2Fv2%2Fcomments&post=2"}],"version-history":[{"count":2,"href":"https:\/\/www.varpula.org\/index.php?rest_route=\/wp\/v2\/pages\/2\/revisions"}],"predecessor-version":[{"id":68,"href":"https:\/\/www.varpula.org\/index.php?rest_route=\/wp\/v2\/pages\/2\/revisions\/68"}],"wp:attachment":[{"href":"https:\/\/www.varpula.org\/index.php?rest_route=%2Fwp%2Fv2%2Fmedia&parent=2"}],"curies":[{"name":"wp","href":"https:\/\/api.w.org\/{rel}","templated":true}]}}